{"id":3048,"date":"2024-08-09T09:02:25","date_gmt":"2024-08-09T09:02:25","guid":{"rendered":"https:\/\/werinox.com\/?page_id=3048"},"modified":"2024-09-12T06:46:31","modified_gmt":"2024-09-12T06:46:31","slug":"terms-and-conditions","status":"publish","type":"page","link":"https:\/\/werinox.com\/de\/bedingungen-und-konditionen\/","title":{"rendered":"Bedingungen und Konditionen"},"content":{"rendered":"<div data-elementor-type=\"wp-page\" data-elementor-id=\"3048\" class=\"elementor elementor-3048\" data-elementor-post-type=\"page\">\n\t\t\t\t\t\t<section class=\"elementor-section elementor-top-section elementor-element elementor-element-1c0a96ad elementor-section-content-middle elementor-section-boxed elementor-section-height-default elementor-section-height-default\" data-id=\"1c0a96ad\" data-element_type=\"section\" data-settings=\"{&quot;background_background&quot;:&quot;classic&quot;}\">\n\t\t\t\t\t\t<div class=\"elementor-container elementor-column-gap-wider\">\n\t\t\t\t\t<div class=\"elementor-column elementor-col-100 elementor-top-column elementor-element elementor-element-7893534\" data-id=\"7893534\" data-element_type=\"column\">\n\t\t\t<div class=\"elementor-widget-wrap elementor-element-populated\">\n\t\t\t\t\t\t<div class=\"elementor-element elementor-element-2a38eac elementor-widget elementor-widget-heading\" data-id=\"2a38eac\" data-element_type=\"widget\" data-widget_type=\"heading.default\">\n\t\t\t\t<div class=\"elementor-widget-container\">\n\t\t\t<p class=\"elementor-heading-title elementor-size-default\">Bedingungen und Konditionen<\/p>\t\t<\/div>\n\t\t\t\t<\/div>\n\t\t\t\t<div class=\"elementor-element elementor-element-8cd4c45 elementor-widget elementor-widget-text-editor\" data-id=\"8cd4c45\" data-element_type=\"widget\" data-widget_type=\"text-editor.default\">\n\t\t\t\t<div class=\"elementor-widget-container\">\n\t\t\t\t\t\t\t<div class=\"wpb_column vc_column_container vc_col-sm-6 sc_layouts_column_icons_position_left\"><div class=\"vc_column-inner\"><div class=\"wpb_wrapper\"><div class=\"wpb_text_column wpb_content_element\"><div class=\"wpb_wrapper\"><p><strong>Willkommen bei www.werinox.com!<\/strong><\/p><p>Die vorliegenden Bedingungen stellen die Regeln und Vorschriften f\u00fcr die Nutzung von WERINOX, d.o.o. dar.<\/p><p>Website, zu finden unter\u00a0<strong>www.werinox.com.<\/strong><\/p><p>Wenn Sie auf diese Website zugreifen, gehen wir davon aus, dass Sie diese Bedingungen und Konditionen akzeptieren. Nicht weiter verwenden\u00a0<strong>www.werinox.com<\/strong>\u00a0wenn Sie nicht mit allen auf dieser Seite genannten Bedingungen einverstanden sind.<\/p><p>Die folgende Terminologie gilt f\u00fcr diese Allgemeinen Gesch\u00e4ftsbedingungen, die Datenschutzerkl\u00e4rung und den Haftungsausschluss sowie alle Vereinbarungen: \"Kunde\", \"Sie\" und \"Ihr\" bezieht sich auf Sie, die Person, die sich auf dieser Website anmeldet und den Bedingungen des Unternehmens zustimmt. \"Das Unternehmen\", \"Wir\", \"Wir\", \"Unser\" und \"Uns\", bezieht sich auf unser Unternehmen. \"Partei\", \"Parteien\" oder \"uns\" bezieht sich sowohl auf den Kunden als auch auf uns. Alle Begriffe beziehen sich auf das Angebot, die Annahme und die Gegenleistung, die erforderlich sind, um den Prozess unserer Unterst\u00fctzung f\u00fcr den Kunden in der am besten geeigneten Weise zum ausdr\u00fccklichen Zweck der Erf\u00fcllung der Bed\u00fcrfnisse des Kunden in Bezug auf die Erbringung der angegebenen Dienstleistungen des Unternehmens, in \u00dcbereinstimmung mit und vorbehaltlich des geltenden Rechts in Slowenien, durchzuf\u00fchren. Jegliche Verwendung der oben genannten Terminologie oder anderer W\u00f6rter in der Einzahl, Mehrzahl, Gro\u00dfschreibung und\/oder er\/sie oder sie, werden als austauschbar angesehen und beziehen sich daher auf dasselbe.<\/p><p><strong>Cookies<\/strong><\/p><p>Wir verwenden Cookies. Durch den Zugriff auf\u00a0<strong>www.werinox.com<\/strong>haben Sie der Verwendung von Cookies in \u00dcbereinstimmung mit der Datenschutzrichtlinie von WERINOX, d.o.o. zugestimmt.<\/p><p>Die meisten interaktiven Websites verwenden Cookies, damit wir bei jedem Besuch die Daten des Nutzers abrufen k\u00f6nnen. Cookies werden von unserer Website verwendet, um die Funktionalit\u00e4t bestimmter Bereiche zu erm\u00f6glichen und den Besuchern unserer Website den Zugang zu erleichtern. Einige unserer Tochtergesellschaften\/Werbepartner verwenden m\u00f6glicherweise ebenfalls Cookies.<\/p><p><strong>Lizenz<\/strong><\/p><p>Sofern nicht anders angegeben, sind WERINOX, d.o.o. und\/oder seine Lizenzgeber Inhaber der geistigen Eigentumsrechte f\u00fcr das gesamte Material auf www.werinox.com. Alle geistigen Eigentumsrechte sind vorbehalten. Sie k\u00f6nnen auf www.werinox.com. f\u00fcr Ihren pers\u00f6nlichen Gebrauch zugreifen und unterliegen dabei den in diesen Bedingungen festgelegten Einschr\u00e4nkungen.<\/p><p><strong>Das d\u00fcrfen Sie nicht:<\/strong><\/p><p>Wiederver\u00f6ffentlichung von Material von www.werinox.com.<br \/>Verkauf, Vermietung oder Unterlizenzierung von Material von www.werinox.com.<br \/>Reproduzieren, vervielf\u00e4ltigen oder kopieren Sie Material von www.werinox.com.<br \/>Weiterverbreitung von Inhalten von www.werinox.com.<\/p><p>Dieses Abkommen beginnt mit dem Datum dieses Abkommens.<\/p><p>Teile dieser Website bieten den Nutzern die M\u00f6glichkeit, in bestimmten Bereichen der Website Meinungen und Informationen zu ver\u00f6ffentlichen und auszutauschen. WERINOX, d.o.o. filtert, bearbeitet, ver\u00f6ffentlicht oder \u00fcberpr\u00fcft die Kommentare nicht, bevor sie auf der Website ver\u00f6ffentlicht werden. Die Kommentare geben nicht die Ansichten und Meinungen von WERINOX, d.o.o., seinen Vertretern und\/oder verbundenen Unternehmen wieder. Die Kommentare spiegeln die Ansichten und Meinungen der Person wider, die ihre Ansichten und Meinungen ver\u00f6ffentlicht hat. WERINOX, d.o.o. haftet, soweit gesetzlich zul\u00e4ssig, weder f\u00fcr die Kommentare noch f\u00fcr jegliche Haftung, Sch\u00e4den oder Kosten, die durch die Nutzung und\/oder Ver\u00f6ffentlichung und\/oder das Erscheinen der Kommentare auf dieser Website verursacht und\/oder erlitten werden.<\/p><p>WERINOX, d.o.o. beh\u00e4lt sich das Recht vor, alle Kommentare zu \u00fcberwachen und alle Kommentare zu entfernen, die als unangemessen oder beleidigend angesehen werden k\u00f6nnen oder die gegen die vorliegenden Bedingungen versto\u00dfen.<\/p><p><strong>Sie garantieren und sichern zu, dass:<\/strong><\/p><p>Sie sind berechtigt, die Kommentare auf unserer Website zu ver\u00f6ffentlichen und verf\u00fcgen \u00fcber alle erforderlichen Lizenzen und Genehmigungen, um dies zu tun;<br \/>Die Kommentare verletzen keine Rechte an geistigem Eigentum, einschlie\u00dflich, aber nicht beschr\u00e4nkt auf Urheberrechte, Patente oder Marken Dritter;<br \/>Die Kommentare enthalten kein verleumderisches, beleidigendes, anst\u00f6\u00dfiges, unanst\u00e4ndiges oder anderweitig rechtswidriges Material, das eine Verletzung der Privatsph\u00e4re darstellt<br \/>Die Kommentare werden nicht verwendet, um f\u00fcr Gesch\u00e4fte oder Gewohnheiten zu werben oder kommerzielle Aktivit\u00e4ten oder ungesetzliche Aktivit\u00e4ten darzustellen.<\/p><p>Sie gew\u00e4hren WERINOX, d.o.o. hiermit eine nicht-exklusive Lizenz zur Nutzung, Vervielf\u00e4ltigung, Bearbeitung und Autorisierung anderer zur Nutzung, Vervielf\u00e4ltigung und Bearbeitung aller Ihrer Kommentare in allen Formen, Formaten oder Medien.<\/p><p><strong>Verlinkung zu unserem Inhalt<\/strong><\/p><p>Die folgenden Organisationen d\u00fcrfen ohne vorherige schriftliche Genehmigung auf unsere Website verlinken:<\/p><p>Staatliche Stellen;<br \/>Suchmaschinen;<br \/>Nachrichtenorganisationen;<br \/>Anbieter von Online-Verzeichnissen k\u00f6nnen auf unsere Website in der gleichen Weise verlinken, wie sie auf die Websites anderer gelisteter Unternehmen verlinken; und<br \/>Systemweit akkreditierte Unternehmen mit Ausnahme von gemeinn\u00fctzigen Organisationen, Wohlt\u00e4tigkeits-Einkaufszentren und Wohlt\u00e4tigkeits-Fundraising-Gruppen, die keine Hyperlinks zu unserer Website herstellen d\u00fcrfen.<\/p><p>Diese Organisationen k\u00f6nnen einen Link zu unserer Homepage, zu Ver\u00f6ffentlichungen oder zu anderen Informationen auf der Website einrichten, solange der Link: (a) in keiner Weise irref\u00fchrend ist; (b) nicht f\u00e4lschlicherweise eine F\u00f6rderung, Bef\u00fcrwortung oder Genehmigung der verlinkenden Partei und ihrer Produkte und\/oder Dienstleistungen impliziert; und (c) in den Kontext der Website der verlinkenden Partei passt.<\/p><p>Wir k\u00f6nnen andere Linkanfragen von den folgenden Arten von Organisationen ber\u00fccksichtigen und genehmigen:<\/p><p>allgemein bekannte Informationsquellen f\u00fcr Verbraucher und\/oder Unternehmen;<br \/>comGemeinschaftsseiten;<br \/>Verb\u00e4nde oder andere Gruppen, die Wohlt\u00e4tigkeitsorganisationen vertreten;<br \/>Online-Verzeichnisse f\u00fcr H\u00e4ndler;<br \/>Internetportale;<br \/>Wirtschaftspr\u00fcfungs-, Rechtsanwalts- und Beratungsunternehmen und<br \/>Bildungseinrichtungen und Berufsverb\u00e4nde.<\/p><\/div><\/div><div class=\"vc_empty_space\">\u00a0<\/div><\/div><\/div><\/div><div class=\"wpb_column vc_column_container vc_col-sm-6 sc_layouts_column_icons_position_left\"><div class=\"vc_column-inner\"><div class=\"wpb_wrapper\"><div class=\"vc_empty_space\">\u00a0<\/div><div class=\"wpb_text_column wpb_content_element\"><div class=\"wpb_wrapper\"><p>Wir werden Linkanfragen von diesen Organisationen genehmigen, wenn wir entscheiden, dass: (a) der Link uns oder unsere akkreditierten Unternehmen nicht in ein schlechtes Licht r\u00fccken w\u00fcrde; (b) die Organisation keine negativen Eintr\u00e4ge bei uns hat; (c) der Nutzen, den wir aus der Sichtbarkeit des Hyperlinks ziehen, die Abwesenheit von WERINOX, d.o.o. kompensiert; und (d) der Link im Zusammenhang mit allgemeinen Informationen steht.<\/p><p>Diese Organisationen d\u00fcrfen auf unsere Homepage verlinken, solange der Link: (a) in keiner Weise irref\u00fchrend ist; (b) nicht f\u00e4lschlicherweise eine F\u00f6rderung, Bef\u00fcrwortung oder Genehmigung der verlinkenden Partei und ihrer Produkte oder Dienstleistungen impliziert; und (c) in den Kontext der Website der verlinkenden Partei passt.<\/p><p>Wenn Sie eine der in Absatz 2 genannten Organisationen sind und an einer Verlinkung zu unserer Website interessiert sind, m\u00fcssen Sie uns dies per E-Mail an info@werinox.com mitteilen. Bitte f\u00fcgen Sie Ihren Namen, den Namen Ihrer Organisation, Kontaktinformationen sowie die URL Ihrer Website, eine Liste aller URLs, von denen Sie auf unsere Website verlinken m\u00f6chten, und eine Liste der URLs auf unserer Website, zu denen Sie verlinken m\u00f6chten, bei. Warten Sie 2-3 Wochen auf eine Antwort.<\/p><p>Zugelassene Organisationen d\u00fcrfen Hyperlinks zu unserer Website wie folgt setzen:<\/p><p>durch Verwendung unseres Firmennamens; oder<br \/>durch Verwendung des Uniform Resource Locator, auf den verlinkt wird; oder<br \/>Durch die Verwendung einer anderen Beschreibung unserer Website, auf die verlinkt wird, die im Kontext und im Format des Inhalts der Website der verlinkenden Partei sinnvoll ist.<\/p><p>Die Verwendung des Logos oder anderer Grafiken von WERINOX, d.o.o. f\u00fcr die Verlinkung ist ohne eine Markenlizenzvereinbarung nicht gestattet.<\/p><p><strong>iFrames<\/strong><\/p><p>Ohne vorherige Genehmigung und schriftliche Zustimmung d\u00fcrfen Sie keine Frames um unsere Webseiten herum erstellen, die die visuelle Pr\u00e4sentation oder das Aussehen unserer Website in irgendeiner Weise ver\u00e4ndern.<\/p><p><strong>Inhaltliche Haftung<\/strong><\/p><p>Wir sind nicht f\u00fcr Inhalte verantwortlich, die auf Ihrer Website erscheinen. Sie verpflichten sich, uns gegen alle Anspr\u00fcche zu sch\u00fctzen und zu verteidigen, die auf Ihrer Website erhoben werden. Es d\u00fcrfen keine Links auf einer Website erscheinen, die als verleumderisch, obsz\u00f6n oder kriminell ausgelegt werden k\u00f6nnen oder die Rechte Dritter verletzen, anderweitig verletzen oder die Verletzung oder sonstige Verletzung von Rechten Dritter bef\u00fcrworten.<\/p><p><strong>Vorbehalt der Rechte<\/strong><\/p><p>Wir behalten uns das Recht vor, Sie aufzufordern, alle Links oder einen bestimmten Link zu unserer Website zu entfernen. Sie verpflichten sich, alle Links zu unserer Website auf Verlangen unverz\u00fcglich zu entfernen. Wir behalten uns auch das Recht vor, diese Bedingungen und die Linkpolitik jederzeit zu \u00e4ndern. Durch die kontinuierliche Verkn\u00fcpfung mit unserer Website erkl\u00e4ren Sie sich damit einverstanden, an diese Verkn\u00fcpfungsbedingungen gebunden zu sein und diese zu befolgen.<\/p><p><strong>Entfernung von Links von unserer Website<\/strong><\/p><p>Wenn Sie einen Link auf unserer Website finden, der aus irgendeinem Grund anst\u00f6\u00dfig ist, k\u00f6nnen Sie uns jederzeit kontaktieren und informieren. Wir werden Anfragen zur Entfernung von Links pr\u00fcfen, sind aber nicht verpflichtet, dies zu tun oder Ihnen direkt zu antworten.<\/p><p>Wir \u00fcbernehmen keine Gew\u00e4hr f\u00fcr die Richtigkeit, Vollst\u00e4ndigkeit und Genauigkeit der Informationen auf dieser Website und versprechen auch nicht, dass die Website verf\u00fcgbar bleibt oder dass das Material auf der Website auf dem neuesten Stand gehalten wird.<\/p><p><strong>Haftungsausschluss<\/strong><br \/>Soweit dies nach geltendem Recht zul\u00e4ssig ist, schlie\u00dfen wir alle Zusicherungen, Garantien und Bedingungen in Bezug auf unsere Website und die Nutzung dieser Website aus. Nichts in diesem Haftungsausschluss wird:<\/p><p>unsere oder Ihre Haftung f\u00fcr Tod oder K\u00f6rperverletzung zu begrenzen oder auszuschlie\u00dfen;<br \/>unsere oder Ihre Haftung f\u00fcr Betrug oder arglistige T\u00e4uschung zu begrenzen oder auszuschlie\u00dfen;<br \/>unsere oder Ihre Haftung in einer Weise zu beschr\u00e4nken, die nach geltendem Recht nicht zul\u00e4ssig ist; oder<br \/>unsere oder Ihre Haftung auszuschlie\u00dfen, die nach geltendem Recht nicht ausgeschlossen werden kann.<br \/>Die in diesem Abschnitt und an anderen Stellen dieses Haftungsausschlusses festgelegten Haftungsbeschr\u00e4nkungen und -verbote: (a) unterliegen dem vorstehenden Absatz; und (b) regeln alle Haftungen, die sich aus dem Haftungsausschluss ergeben, einschlie\u00dflich der Haftungen, die sich aus Vertr\u00e4gen, unerlaubten Handlungen und aus der Verletzung gesetzlicher Pflichten ergeben.<br \/>Solange die Website sowie die Informationen und Dienstleistungen auf der Website kostenlos zur Verf\u00fcgung gestellt werden, haften wir nicht f\u00fcr Verluste oder Sch\u00e4den jeglicher Art.<\/p><p><strong>Au\u00dfergerichtliche Beilegung von Verbraucherrechtsstreitigkeiten<\/strong><\/p><p>Das Unternehmen WERINOX, d.o.o. erkennt in \u00dcbereinstimmung mit den gesetzlichen Normen keinen Vollstrecker der au\u00dfergerichtlichen Beilegung von Verbraucherstreitigkeiten als zust\u00e4ndig f\u00fcr die Beilegung von Verbraucherstreitigkeiten an, die der Verbraucher im Einklang mit dem Gesetz \u00fcber die au\u00dfergerichtliche Beilegung von Verbraucherstreitigkeiten einleiten k\u00f6nnte. Das Unternehmen WERINOX, d.o.o. als Anbieter von Waren und Dienstleistungen ver\u00f6ffentlicht auf seiner Website einen elektronischen Link zur Online-Streitbeilegungsplattform f\u00fcr Verbraucher (ODRP). Die Plattform steht den Verbrauchern \u00fcber den elektronischen Link http:\/\/ec.europa.eu\/odr zur Verf\u00fcgung. Die vorstehende Regelung beruht auf dem Gesetz \u00fcber die au\u00dfergerichtliche Beilegung von Verbraucherrechtsstreitigkeiten, der Verordnung (EU) Nr. 524\/2013 des Europ\u00e4ischen Parlaments und des Rates \u00fcber die Online-Beilegung verbraucherrechtlicher Streitigkeiten und zur \u00c4nderung der Verordnung (EG) Nr. 2016\/2004 sowie der Richtlinie<\/p><\/div><\/div><\/div><\/div><\/div>\t\t\t\t\t\t<\/div>\n\t\t\t\t<\/div>\n\t\t\t\t\t<\/div>\n\t\t<\/div>\n\t\t\t\t\t<\/div>\n\t\t<\/section>\n\t\t\t\t<section class=\"elementor-section elementor-top-section elementor-element elementor-element-7af1e65 elementor-section-boxed elementor-section-height-default elementor-section-height-default\" data-id=\"7af1e65\" data-element_type=\"section\">\n\t\t\t\t\t\t<div class=\"elementor-container elementor-column-gap-default\">\n\t\t\t\t\t<div class=\"elementor-column elementor-col-100 elementor-top-column elementor-element elementor-element-7222db7\" data-id=\"7222db7\" data-element_type=\"column\">\n\t\t\t<div class=\"elementor-widget-wrap\">\n\t\t\t\t\t\t\t<\/div>\n\t\t<\/div>\n\t\t\t\t\t<\/div>\n\t\t<\/section>\n\t\t\t\t<section class=\"elementor-section elementor-top-section elementor-element elementor-element-ec3596d elementor-section-full_width elementor-section-height-default elementor-section-height-default\" data-id=\"ec3596d\" data-element_type=\"section\">\n\t\t\t\t\t\t<div class=\"elementor-container elementor-column-gap-no\">\n\t\t\t\t\t<div class=\"elementor-column elementor-col-100 elementor-top-column elementor-element elementor-element-518eb3e2\" data-id=\"518eb3e2\" data-element_type=\"column\">\n\t\t\t<div class=\"elementor-widget-wrap elementor-element-populated\">\n\t\t\t\t\t\t<div class=\"elementor-element elementor-element-9781826 elementor-widget elementor-widget-text-editor\" data-id=\"9781826\" data-element_type=\"widget\" data-widget_type=\"text-editor.default\">\n\t\t\t\t<div class=\"elementor-widget-container\">\n\t\t\t\t\t\t\t<p><iframe style=\"border: 0;\" src=\"https:\/\/www.google.com\/maps\/embed?pb=!1m18!1m12!1m3!1d2759.9621056461656!2d15.290517376755988!3d46.2310982819439!2m3!1f0!2f0!3f0!3m2!1i1024!2i768!4f13.1!3m3!1m2!1s0x476570dac3ad9c6b%3A0x4242a81ac504e16f!2sTovorna%20ulica%2021%2C%203000%20Celje!5e0!3m2!1sen!2ssi!4v1722954076067!5m2!1sen!2ssi\" width=\"600\" height=\"450\" allowfullscreen=\"allowfullscreen\"><\/iframe><\/p>\t\t\t\t\t\t<\/div>\n\t\t\t\t<\/div>\n\t\t\t\t\t<\/div>\n\t\t<\/div>\n\t\t\t\t\t<\/div>\n\t\t<\/section>\n\t\t\t\t<\/div>","protected":false},"excerpt":{"rendered":"<p>Allgemeine Gesch\u00e4ftsbedingungen Willkommen auf www.werinox.com! Diese Bedingungen beschreiben die Regeln und Vorschriften f\u00fcr die Nutzung der WERINOX, d.o.o.. Website, die sich unter www.werinox.com befindet. Mit dem Zugriff auf diese Website gehen wir davon aus, dass Sie diese Bedingungen akzeptieren. Nutzen Sie www.werinox.com nicht weiter, wenn Sie nicht mit allen Bedingungen einverstanden sind, die auf [...]<\/p>","protected":false},"author":3,"featured_media":0,"parent":0,"menu_order":0,"comment_status":"closed","ping_status":"closed","template":"elementor_theme","meta":{"_seopress_robots_primary_cat":"","_seopress_titles_title":"Terms and Conditions","_seopress_titles_desc":"Werinox Terms and Conditions","_seopress_robots_index":"","ocean_post_layout":"full-screen","ocean_both_sidebars_style":"","ocean_both_sidebars_content_width":0,"ocean_both_sidebars_sidebars_width":0,"ocean_sidebar":"","ocean_second_sidebar":"","ocean_disable_margins":"enable","ocean_add_body_class":"","ocean_shortcode_before_top_bar":"","ocean_shortcode_after_top_bar":"","ocean_shortcode_before_header":"","ocean_shortcode_after_header":"","ocean_has_shortcode":"","ocean_shortcode_after_title":"","ocean_shortcode_before_footer_widgets":"","ocean_shortcode_after_footer_widgets":"","ocean_shortcode_before_footer_bottom":"","ocean_shortcode_after_footer_bottom":"","ocean_display_top_bar":"default","ocean_display_header":"default","ocean_header_style":"","ocean_center_header_left_menu":"","ocean_custom_header_template":"","ocean_custom_logo":0,"ocean_custom_retina_logo":0,"ocean_custom_logo_max_width":0,"ocean_custom_logo_tablet_max_width":0,"ocean_custom_logo_mobile_max_width":0,"ocean_custom_logo_max_height":0,"ocean_custom_logo_tablet_max_height":0,"ocean_custom_logo_mobile_max_height":0,"ocean_header_custom_menu":"","ocean_menu_typo_font_family":"","ocean_menu_typo_font_subset":"","ocean_menu_typo_font_size":0,"ocean_menu_typo_font_size_tablet":0,"ocean_menu_typo_font_size_mobile":0,"ocean_menu_typo_font_size_unit":"px","ocean_menu_typo_font_weight":"","ocean_menu_typo_font_weight_tablet":"","ocean_menu_typo_font_weight_mobile":"","ocean_menu_typo_transform":"","ocean_menu_typo_transform_tablet":"","ocean_menu_typo_transform_mobile":"","ocean_menu_typo_line_height":0,"ocean_menu_typo_line_height_tablet":0,"ocean_menu_typo_line_height_mobile":0,"ocean_menu_typo_line_height_unit":"","ocean_menu_typo_spacing":0,"ocean_menu_typo_spacing_tablet":0,"ocean_menu_typo_spacing_mobile":0,"ocean_menu_typo_spacing_unit":"","ocean_menu_link_color":"","ocean_menu_link_color_hover":"","ocean_menu_link_color_active":"","ocean_menu_link_background":"","ocean_menu_link_hover_background":"","ocean_menu_link_active_background":"","ocean_menu_social_links_bg":"","ocean_menu_social_hover_links_bg":"","ocean_menu_social_links_color":"","ocean_menu_social_hover_links_color":"","ocean_disable_title":"on","ocean_disable_heading":"default","ocean_post_title":"","ocean_post_subheading":"","ocean_post_title_style":"","ocean_post_title_background_color":"","ocean_post_title_background":0,"ocean_post_title_bg_image_position":"","ocean_post_title_bg_image_attachment":"","ocean_post_title_bg_image_repeat":"","ocean_post_title_bg_image_size":"","ocean_post_title_height":0,"ocean_post_title_bg_overlay":0.5,"ocean_post_title_bg_overlay_color":"","ocean_disable_breadcrumbs":"default","ocean_breadcrumbs_color":"","ocean_breadcrumbs_separator_color":"","ocean_breadcrumbs_links_color":"","ocean_breadcrumbs_links_hover_color":"","ocean_display_footer_widgets":"default","ocean_display_footer_bottom":"default","ocean_custom_footer_template":"","osh_disable_topbar_sticky":"default","osh_disable_header_sticky":"default","osh_sticky_header_style":"default","osh_sticky_header_effect":"","osh_custom_sticky_logo":0,"osh_custom_retina_sticky_logo":0,"osh_custom_sticky_logo_height":0,"osh_background_color":"","osh_links_color":"","osh_links_hover_color":"","osh_links_active_color":"","osh_links_bg_color":"","osh_links_hover_bg_color":"","osh_links_active_bg_color":"","osh_menu_social_links_color":"","osh_menu_social_hover_links_color":"","footnotes":""},"class_list":["post-3048","page","type-page","status-publish","hentry","entry"],"_links":{"self":[{"href":"https:\/\/werinox.com\/de\/wp-json\/wp\/v2\/pages\/3048"}],"collection":[{"href":"https:\/\/werinox.com\/de\/wp-json\/wp\/v2\/pages"}],"about":[{"href":"https:\/\/werinox.com\/de\/wp-json\/wp\/v2\/types\/page"}],"author":[{"embeddable":true,"href":"https:\/\/werinox.com\/de\/wp-json\/wp\/v2\/users\/3"}],"replies":[{"embeddable":true,"href":"https:\/\/werinox.com\/de\/wp-json\/wp\/v2\/comments?post=3048"}],"version-history":[{"count":1,"href":"https:\/\/werinox.com\/de\/wp-json\/wp\/v2\/pages\/3048\/revisions"}],"predecessor-version":[{"id":4857,"href":"https:\/\/werinox.com\/de\/wp-json\/wp\/v2\/pages\/3048\/revisions\/4857"}],"wp:attachment":[{"href":"https:\/\/werinox.com\/de\/wp-json\/wp\/v2\/media?parent=3048"}],"curies":[{"name":"wp","href":"https:\/\/api.w.org\/{rel}","templated":true}]}}